{"id":36,"date":"2020-10-06T00:43:42","date_gmt":"2020-10-06T00:43:42","guid":{"rendered":"http:\/\/www.indigonature.com\/hablemos\/?page_id=36"},"modified":"2020-10-26T15:38:52","modified_gmt":"2020-10-26T15:38:52","slug":"ingles-del-dia-a-dia","status":"publish","type":"page","link":"http:\/\/www.indigonature.com\/hablemos\/es\/ingles-del-dia-a-dia\/","title":{"rendered":"Ingles del dia a dia"},"content":{"rendered":"\n<p><strong>Indigo Nature les da la<\/strong><strong><br><\/strong><strong>Bienvenida<\/strong><strong> Hablemos de..<\/strong><\/p>\n\n\n\n<figure class=\"wp-block-image\"><img decoding=\"async\" src=\"https:\/\/lh6.googleusercontent.com\/8FNS8STZmzNheUsOFCtI0iZ2SvWXMQiJaO7p45uMGL_eBabDXXmPl7JGusJNkPGR8igXB57Pip5gPv79I0Q2gkwyak2r2f-Yc1rpWHMpLEpPRRYWAc73gNbPn5-z4Q_xa147KRvu\" alt=\"offset_355676.jpg\"\/><\/figure>\n\n\n\n<h1 class=\"wp-block-heading\"><strong>Ingl\u00e9s del d\u00eda a d\u00eda.<\/strong><\/h1>\n\n\n\n<p><strong>Los objetivo de estos videotutoriales son:<\/strong><\/p>\n\n\n\n<p><strong>-Familiarizarte con frases&nbsp; de la rutina diaria.<\/strong><\/p>\n\n\n\n<p><strong>-Promover la pr\u00e1ctica diaria de Ingl\u00e9s de manera pr\u00e1ctica y sencilla.<\/strong><\/p>\n\n\n\n<p><strong>-Clases cortas de 30 minutos mas o menos&nbsp; para que te sea m\u00e1s f\u00e1cil.<\/strong><\/p>\n\n\n\n<p><strong>Los contenidos van desde:&nbsp;<\/strong><\/p>\n\n\n\n<div class=\"wp-block-group\"><div class=\"wp-block-group__inner-container is-layout-flow\">\n<ul><li><strong>Visitas al medico.<\/strong><\/li><li><strong>Durante el manejo.<\/strong><\/li><li><strong>Rutina en el hogar.<\/strong><\/li><li><strong>En el supermercado.<\/strong><\/li><li><strong>Llenar planillas en general.<\/strong><\/li><\/ul>\n<\/div><\/div>\n\n\n\n<p><strong>Entre otros que ir\u00e9 agregando&nbsp; para asistirlos.<\/strong><\/p>\n\n\n\n<p><strong>El proceso natural de aprender hablar otro idioma es parecido a un bebe que aprende hablar.&nbsp;<\/strong><\/p>\n\n\n\n<p><strong>1- <\/strong><strong>Escuchar<\/strong><strong> la radio y TV.<\/strong><\/p>\n\n\n\n<p><strong>2-<\/strong><strong> Entender <\/strong><strong>se lograra.<\/strong><\/p>\n\n\n\n<p><strong>3- <\/strong><strong>Memorizar<\/strong><strong> leer y deletrear.<\/strong><\/p>\n\n\n\n<p><strong>4- <\/strong><strong>Practicar <\/strong><strong>pronunciaci\u00f3n.<\/strong><\/p>\n\n\n\n<p><strong>5- Lograras expresarte.<\/strong><\/p>\n\n\n\n<p class=\"has-medium-font-size\"><strong>Aqui estan algunos de los videos y el enlace para que imprimas las paginas de practica.<\/strong><\/p>\n\n\n\n<h2 class=\"has-large-font-size wp-block-heading\">1- Preguntando y dando direcciones<\/h2>\n\n\n\n<figure class=\"wp-block-embed-youtube wp-block-embed is-type-video is-provider-youtube wp-embed-aspect-16-9 wp-has-aspect-ratio\"><div class=\"wp-block-embed__wrapper\">\n<iframe loading=\"lazy\" title=\"Preguntando direcciones.\" width=\"584\" height=\"329\" src=\"https:\/\/www.youtube.com\/embed\/4AjCPM1vZRc?feature=oembed\" frameborder=\"0\" allow=\"accelerometer; autoplay; clipboard-write; encrypted-media; gyroscope; picture-in-picture\" allowfullscreen><\/iframe>\n<\/div><\/figure>\n\n\n\n<div class=\"wp-block-file\"><a href=\"http:\/\/www.indigonature.com\/hablemos\/wp-content\/uploads\/sites\/8\/2020\/10\/Preguntando-y-dando-direcciones..pdf\">Preguntando-y-dando-direcciones.<\/a><a href=\"http:\/\/www.indigonature.com\/hablemos\/wp-content\/uploads\/sites\/8\/2020\/10\/Preguntando-y-dando-direcciones..pdf\" class=\"wp-block-file__button\" download>Download<\/a><\/div>\n\n\n\n<h2 class=\"has-large-font-size wp-block-heading\">2- Manejando<\/h2>\n\n\n\n<figure class=\"wp-block-embed-youtube wp-block-embed is-type-video is-provider-youtube wp-embed-aspect-16-9 wp-has-aspect-ratio\"><div class=\"wp-block-embed__wrapper\">\n<iframe loading=\"lazy\" title=\"Pronunciacion de Ingles &#039;manejando&#039;\" width=\"584\" height=\"329\" src=\"https:\/\/www.youtube.com\/embed\/i442GnW0-Qg?feature=oembed\" frameborder=\"0\" allow=\"accelerometer; autoplay; clipboard-write; encrypted-media; gyroscope; picture-in-picture\" allowfullscreen><\/iframe>\n<\/div><\/figure>\n\n\n\n<div class=\"wp-block-file\"><a href=\"http:\/\/www.indigonature.com\/hablemos\/wp-content\/uploads\/sites\/8\/2020\/10\/Hablemos-de-Ingles-manejando.pdf\">Hablemos de Ingles manejando<\/a><a href=\"http:\/\/www.indigonature.com\/hablemos\/wp-content\/uploads\/sites\/8\/2020\/10\/Hablemos-de-Ingles-manejando.pdf\" class=\"wp-block-file__button\" download>Download<\/a><\/div>\n\n\n\n<h2 class=\"has-large-font-size wp-block-heading\">3-Tan solo unos  minutitos de pronunciacion<\/h2>\n\n\n\n<figure class=\"wp-block-embed-youtube wp-block-embed is-type-video is-provider-youtube wp-embed-aspect-16-9 wp-has-aspect-ratio\"><div class=\"wp-block-embed__wrapper\">\n<iframe loading=\"lazy\" title=\"Unos minutos de pronunciacion.\" width=\"584\" height=\"329\" src=\"https:\/\/www.youtube.com\/embed\/2B3DD15-moo?feature=oembed\" frameborder=\"0\" allow=\"accelerometer; autoplay; clipboard-write; encrypted-media; gyroscope; picture-in-picture\" allowfullscreen><\/iframe>\n<\/div><figcaption>Este video no tiene pagina para imprimir.<\/figcaption><\/figure>\n\n\n\n<p><\/p>\n\n\n\n<h2 class=\"has-large-font-size wp-block-heading\">4-Ir al doctor por un resfriado<\/h2>\n\n\n\n<figure class=\"wp-block-embed-youtube wp-block-embed is-type-video is-provider-youtube wp-embed-aspect-16-9 wp-has-aspect-ratio\"><div class=\"wp-block-embed__wrapper\">\n<iframe loading=\"lazy\" title=\"Ir al doctor por Resfriado\" width=\"584\" height=\"329\" src=\"https:\/\/www.youtube.com\/embed\/HgpbO--VAFM?feature=oembed\" frameborder=\"0\" allow=\"accelerometer; autoplay; clipboard-write; encrypted-media; gyroscope; picture-in-picture\" allowfullscreen><\/iframe>\n<\/div><\/figure>\n\n\n\n<div class=\"wp-block-file\"><a href=\"http:\/\/www.indigonature.com\/hablemos\/wp-content\/uploads\/sites\/8\/2020\/10\/Ir-al-Medico-por-un-resfriado..pdf\">Ir al Medico por un resfriado.<\/a><a href=\"http:\/\/www.indigonature.com\/hablemos\/wp-content\/uploads\/sites\/8\/2020\/10\/Ir-al-Medico-por-un-resfriado..pdf\" class=\"wp-block-file__button\" download>Download<\/a><\/div>\n","protected":false},"excerpt":{"rendered":"<p>Indigo Nature les da laBienvenida Hablemos de.. Ingl\u00e9s del d\u00eda a d\u00eda. Los objetivo de estos videotutoriales son: -Familiarizarte con frases&nbsp; de la rutina diaria. -Promover la pr\u00e1ctica diaria de Ingl\u00e9s de manera pr\u00e1ctica y sencilla. -Clases cortas de 30 &hellip; <a href=\"http:\/\/www.indigonature.com\/hablemos\/es\/ingles-del-dia-a-dia\/\">Sigue leyendo <span class=\"meta-nav\">&rarr;<\/span><\/a><\/p>\n","protected":false},"author":2,"featured_media":0,"parent":0,"menu_order":0,"comment_status":"closed","ping_status":"closed","template":"","meta":[],"_links":{"self":[{"href":"http:\/\/www.indigonature.com\/hablemos\/es\/wp-json\/wp\/v2\/pages\/36"}],"collection":[{"href":"http:\/\/www.indigonature.com\/hablemos\/es\/wp-json\/wp\/v2\/pages"}],"about":[{"href":"http:\/\/www.indigonature.com\/hablemos\/es\/wp-json\/wp\/v2\/types\/page"}],"author":[{"embeddable":true,"href":"http:\/\/www.indigonature.com\/hablemos\/es\/wp-json\/wp\/v2\/users\/2"}],"replies":[{"embeddable":true,"href":"http:\/\/www.indigonature.com\/hablemos\/es\/wp-json\/wp\/v2\/comments?post=36"}],"version-history":[{"count":6,"href":"http:\/\/www.indigonature.com\/hablemos\/es\/wp-json\/wp\/v2\/pages\/36\/revisions"}],"predecessor-version":[{"id":58,"href":"http:\/\/www.indigonature.com\/hablemos\/es\/wp-json\/wp\/v2\/pages\/36\/revisions\/58"}],"wp:attachment":[{"href":"http:\/\/www.indigonature.com\/hablemos\/es\/wp-json\/wp\/v2\/media?parent=36"}],"curies":[{"name":"wp","href":"https:\/\/api.w.org\/{rel}","templated":true}]}}