{"id":62,"date":"2020-12-29T20:18:41","date_gmt":"2020-12-29T20:18:41","guid":{"rendered":"http:\/\/www.indigonature.com\/hablemos\/?page_id=62"},"modified":"2020-12-29T20:37:23","modified_gmt":"2020-12-29T20:37:23","slug":"mensajes-de-amor-y-compasion-2021","status":"publish","type":"page","link":"http:\/\/www.indigonature.com\/hablemos\/es\/mensajes-de-amor-y-compasion-2021\/","title":{"rendered":"Mensajes de amor y compasion 2021."},"content":{"rendered":"\n<figure class=\"wp-block-image\"><img decoding=\"async\" src=\"https:\/\/lh5.googleusercontent.com\/cfuuyz-vpbfOnSiB7SkxaSPcN5Izw8OIyPPAcAHclQhA6wq1io-Dmj1S90dggc0BrY3MWJhY_8EfNjLtELw09CtlauYOhX2WxrBIPU7MaZka7bqCIpiHiS46a7-PKBPR4TI70kix\" alt=\"\"\/><\/figure>\n\n\n\n<p><strong>Nuevos comienzos.<\/strong><\/p>\n\n\n\n<p><strong>Hola, soy Elizabeth Byrne y&nbsp; les compartir\u00e9 los mensajes que he estado recibiendo a trav\u00e9s de varios d\u00edas.&nbsp;<\/strong><\/p>\n\n\n\n<p><span style=\"color:#e84e16\" class=\"has-inline-color\">Diciembre 21<\/span><\/p>\n\n\n\n<p>9:00 pm Vi un hermoso turbante de color azul rey con florecitas amarillas bordadas.<\/p>\n\n\n\n<p><span style=\"color:#e64f0f\" class=\"has-inline-color\">Diciembre 21<\/span><\/p>\n\n\n\n<p>11pm- \u201cEscala de importancia cambiar\u00e1. Han trabajado ya en partes internas y han crecido\u201d<\/p>\n\n\n\n<p>11:50pm &#8211; Vi como una serie de circulos plasticos parecidos a cerraduras de puertas, entonces estas manecillas se iban moviendo como cuando se tranca una puerta. \u201cTal como estos switches cambiar\u00e1n\u201d &#8211; <img decoding=\"async\" loading=\"lazy\" src=\"https:\/\/lh3.googleusercontent.com\/PSisXhdWR1XCEJOe9YDuZduVw1H04aWxwrSOh9H6CWZ47fcjN407WOFrXyfXlmivw1h-oMtJg_B_udEpczGSKx_PX4vtXfowXAAYAAATScmGRTazl4HaepCuLyOx2a-4qCvD-kat\" width=\"176\" height=\"138\"><\/p>\n\n\n\n<p><span style=\"color:#a33100\" class=\"has-inline-color\">Diciembre 22<\/span><\/p>\n\n\n\n<p>\u201cNo necesitas contactar a nadie para clarificar tus mensajes, pues estos siempre se te han sido explicados a su tiempo\u201d<\/p>\n\n\n\n<p><span style=\"color:#e06f18\" class=\"has-inline-color\">Diciembre 22 (durante todo el dia )<\/span><\/p>\n\n\n\n<p>\u201cCambios dr\u00e1sticos, r\u00e1pidos les seran mas facil para ustedes fluir con ellos pues este a\u00f1o 2020 han sido entrenados\u201d<\/p>\n\n\n\n<p>\u201cEscala de importancia ser\u00e1 diferente, ya el dinero, carros y lo material no estar\u00e1 en el tope, solo amor.\u201d<\/p>\n\n\n\n<p>\u201cTodos los \u00edndigos que salgan&nbsp; de la oscuridad y aporten sus mensajes que les ha sido dado\u201d<img decoding=\"async\" loading=\"lazy\" src=\"https:\/\/lh3.googleusercontent.com\/jp-lns54FoeiqKX32xyRCr4HyJbtQAHXNQNpMrmxUEut_YlhYNV4m4sthzow3F-7Chdy4s2Tmguu5FZwqluqfO2hlb7h86aDNYqfah3d8qoU-5-VsWYjznFv6S7Tfi8Fiq470ILc\" width=\"241\" height=\"92\"><\/p>\n\n\n\n<p>\u201cCompasi\u00f3n por el pr\u00f3jimo, el despertar de ustedes sobre la realidad de que no hay manera de estar saludable si tu hermano est\u00e1 enfermo\u201d<\/p>\n\n\n\n<p><strong>\u201cTu amiga( &nbsp; )incluye esto en su caja que le enviaras\u201d<\/strong> &#8211; y me vi yo misma sosteniendo un bombillo prendido entre mis manos que a su vez iluminaba mi rostro. Y pens\u00e9, ser\u00e1 que necesita iluminacion- Cuando lo converse con un amigo al respecto me dijo,<strong> \u201csera que necesita energ\u00eda una sesi\u00f3n de energia de sanaci\u00f3n, le servir\u00e1, no crees?<\/strong>Lo comente con esa amiga y me confirm\u00f3 que se sent\u00eda muy decaida.<\/p>\n\n\n\n<p>\u201cPartidas necesarias, pues los que le rodean podr\u00e1n comenzar a liberar sus dones, trabajaran en sus talentos\u201d- vi una imagen de la cola de un Pangolin y sus escamas se abr\u00edan y el resto de la cola era liberada.<img decoding=\"async\" loading=\"lazy\" src=\"https:\/\/lh4.googleusercontent.com\/jma5tNmIvni3R0-n-FDXUPImMEIQsS4J13dOm1C-I24gUoZJ_W5wAfjqTfVP9zofiflezhcEV2IaxNrdyLhQ0R59dK7C-XnMnE03TfyKlqigRtbueLXUR_m7Mx_i55nCCFxYg9UA\" width=\"140\" height=\"93\"><\/p>\n\n\n\n<p>\u201cEl 2020 es un tren de descubrimientos, aunque lo sintieron como que un tren les arrollaba\u201d- entonces vi la imagen de un tren tan cercano a mi y sent\u00ed la necesidad de dar un paso atr\u00e1s.<img decoding=\"async\" loading=\"lazy\" src=\"https:\/\/lh4.googleusercontent.com\/Ba0w_fYdy24Boe02mCRqzGDTG4x4Mu0vsQ9LG5GIo2n5d5gqnyOOC_Mv9ECg0K0xjWMc3B9z_CCaH_5STSyIdw0q25CeFt8f9xwltJoWL2gtZ1TH_jerZv2CtqcG5p6ujloPK4gs\" width=\"237\" height=\"178\"><\/p>\n\n\n\n<p>\u201cClave del \u00e9xito del 2021 ser\u00e1n los acuerdos, contratos, uniones asociaciones\u201d &#8211; y vi unos c\u00edrculos que se enlazaban.<\/p>\n\n\n\n<p><span style=\"color:#e2610b\" class=\"has-inline-color\">Diciembre 23<\/span><\/p>\n\n\n\n<figure class=\"wp-block-image is-resized\"><img decoding=\"async\" loading=\"lazy\" src=\"https:\/\/lh3.googleusercontent.com\/ByvKR6YAyhsV8LxlVuz4Utj7nrhI9UpoFmPCnkPoBTU_MTcthR071pByHpIrIUBYQ0BQlmGr3T52EqfApCP2CozUC34y_ihDpSANIvQUcLDTSyzHwpTzxKKVPLdSbiinR8Dm2Ulo\" alt=\"\" width=\"368\" height=\"178\"\/><\/figure>\n\n\n\n<p>-Despert\u00e9 esa ma\u00f1ana viendo unos numeros gigantes 2021 estaban hechos como de pl\u00e1stico con luz adentro. El n\u00famero uno se cay\u00f3 al piso y a su vez este parec\u00eda una aguja\/flecha de br\u00fajula y se mov\u00eda r\u00e1pido y me dijo <strong>\u201c ya ustedes saben que direcci\u00f3n tomar pero tienen miedos. Ya est\u00e1n siendo dirigidos, tengan fe.\u201d<\/strong><strong><\/strong><\/p>\n\n\n\n<p>\u201cSi has sentido atracci\u00f3n por cocinar es porque es uno de tus dones que estas desarrollando, de nutrir al otro que est\u00e1 despertando\u201d<\/p>\n\n\n\n<p>\u201cCambio de actividad laboral se dar\u00e1 r\u00e1pido, solo confien. Estos cambios ser\u00e1n de raiz y a unos les tocar\u00e1 entrenarse profesionalmente, tengan fe.\u201d<\/p>\n\n\n\n<p>\u201cMientras trabajes tus dones, otros lo har\u00e1n por inercia tambi\u00e9n tal como el mecanismo de un reloj se mover\u00e1n de manera divinamente coordinada\u201d<img decoding=\"async\" loading=\"lazy\" src=\"https:\/\/lh4.googleusercontent.com\/BR4K2aj7vNOi6e3-V531Ekqu3jFiOVRfFRipwXC3TuPhhYqpUch_04kHqV-naLdT9JAsauEHoF4Tbb8vQepPiD4HKpUA24C9bvnlbvoAdoqaJzKQgBT3IGUsZ49uXN7JDuWOgVHK\" width=\"360\" height=\"167\"><\/p>\n\n\n\n<p>\u201cRecuerda, la clave del \u00e9xito ser\u00e1 la uni\u00f3n, por lo tanto esa granja aislada que buscas, no tiene sentido.\u201d<\/p>\n\n\n\n<p>\u201cTierras lejanas, lejos muy lejos.\u201d<\/p>\n\n\n\n<p>\u201cVagones del tren de 2020 est\u00e1n llenos de opciones y herramientas, talentos que no saben que tienen e ideas que creyeron fueron ideas aisladas, observen de cerca\u201d- Vi de nuevo el tren y se par\u00f3 frente a mi y cada vag\u00f3n ten\u00eda ventanas muy grandes y estaba lleno de muchos objetos y arriba tenia unas letras azules como la de los circos que dec\u00eda \u201copciones\u201d<\/p>\n\n\n\n<p>\u201cLo que hicieron durante lo que consideran \u2018encierro\u2019, esas actividades nuevas no eran casualidad, es un tiempo para entrenarse y desarrollarlo 2021\u201d<\/p>\n\n\n\n<p>\u201c En la escala de importancia y prioridades las posesiones materiales no estar\u00e1n al tope pues ya han pasado por grandes transformaciones internas.\u201d<\/p>\n\n\n\n<p>\u201cMudanzas, muchos se mudaran inclusive aquellos que jam\u00e1s consideraron mudarse y a su vez, no lo sufrir\u00e1n pues este cambio pues lo har\u00e1n basado en sus motivaciones.\u201d<\/p>\n\n\n\n<p>\u201c2021 ser\u00e1 un gran despertar, ser\u00e1 una nueva etapa, una nueva era que construir\u00e1n\u201d, \u201c Estos cambios que han sentido y la nueva&nbsp; era no es algo externo a ustedes, la nueva era son ustedes con sus dones, sus despertar, su compasi\u00f3n\u201d- y vi la imagen de una tarima.<\/p>\n\n\n\n<p><strong>\u201cNo alimenten los miedos<\/strong>\u201d- Vi una gran red, como de pescados movi\u00e9ndose hacia delante, pero cuando mire con cuidado Vi que no eran pescados sino eran muchas personas empujando la red! Y dijo <strong><em>\u201cLos miedos de ustedes son esa red, y aunque tengan miedo, solo har\u00e1 sus pasos mas lentos pero ustedes ser\u00e1n ese tren del 2021 que seguir\u00e1 andando a pesar de sus dudas\u201d<\/em><\/strong><\/p>\n\n\n\n<p>\u201cEs que no habr\u00e1 nada que detenga ese tren que se llama amor\u201d<\/p>\n\n\n\n<p><span style=\"color:#e8610c\" class=\"has-inline-color\">Diciembre 24<\/span><\/p>\n\n\n\n<p>\u201cEscucharan noticias que parecen desalentadoras, solamente tomen precauciones y contin\u00faen brillando pero no permitan que eso les detenga\u201d<\/p>\n\n\n\n<p>\u201cNo habr\u00e1 manera de que ese tren se detenga pues estar\u00e1 lleno de nuevos corazones\u201d<\/p>\n\n\n\n<ul><li>Pregunte: Que Angel o Arcangel me esta dictando estos mensajes?- interrumpi\u00f3 y dijo , \u201ceso no es importante, anota, pues est\u00e1s recibiendo mensajes importantes elevados de prosperidad amor y compasi\u00f3n, pide a todos los que est\u00e1n recibiendo que los saquen tambi\u00e9n\u201d<\/li><\/ul>\n\n\n\n<p>\u201cEl amor est\u00e1 tomando diferentes formas a tu alrededor, abre los ojos y observa el amor que te rodea\u201d<\/p>\n\n\n\n<p>\u201cAlguien est\u00e1 reclamando tu atenci\u00f3n, de la misma manera que tu mascota lo hace, abre los ojos&nbsp; porque el amor toma mil formas.\u201d<\/p>\n\n\n\n<p>\u201cLos indigos que salgan de sus escondites, conf\u00eden y den sus mensajes que no les pertenece solo a ustedes.\u201d <img decoding=\"async\" loading=\"lazy\" src=\"https:\/\/lh5.googleusercontent.com\/b-JZakCZdxtMydi24H2V2_1l6CEpc6jRqYI6_wF9uJThWRA7mtT7hqorFTdZ5oQ1-Vhv6hjOTMA0_1MiefrT6qeuBVMzdBil75L97-P9hQmvbWpGnQ8zznh5Hl77ixi_idY7bzKh\" width=\"268\" height=\"104\"><\/p>\n\n\n\n<p>\u201cMudanzas, habr\u00e1n muchas mudanzas hasta los que nunca hab\u00edan considerado mudarse. Estas mudanzas pueden ser f\u00edsicas, mentales y espirituales\u201d<\/p>\n\n\n\n<p><span style=\"color:#ea7013\" class=\"has-inline-color\">Diciembre 25<\/span><\/p>\n\n\n\n<p>\u201cYa se han entrenado para fluir con cada cambio\u201d<\/p>\n\n\n\n<p>\u201cLas actividades laborales se dar\u00e1n solas, r\u00e1pidas y de ra\u00edz, solo confien\u201d<\/p>\n\n\n\n<p>-Pens\u00e9 en los animales y dijo \u201cYa han elevado su manera de pensar sobre el planeta, asi que los animales reflejaran su avance, habr\u00e1 mas conciencia y compasi\u00f3n hacia ellos\u201d<\/p>\n\n\n\n<p><strong>\u201cLa tierra est\u00e1 desenterrando lo que ya no necesita. Entrega lo que ya no oculta m\u00e1s\u201d<\/strong>&#8211; Vi im\u00e1genes objetos ancestrales y otros descubrimientos debajo del agua. Y dijo <strong>\u201cQue dejaran ustedes a su paso?<\/strong><strong><\/strong><\/p>\n\n\n\n<p>\u201cAhora les toca a ustedes escoger que dejaran su rastro\u201d-repiti\u00f3. <strong>\u201cQue tal si dejan las memorias de los milagros en sus vidas?\u201d<\/strong><\/p>\n\n\n\n<p>\u201cEstos cambios de ra\u00edz que ustedes experimentaran no son m\u00e1s que cambios que ya han comenzado en el centro del planeta y ustedes caminan sobre ella.\u201d<\/p>\n\n\n\n<p><span style=\"color:#a34b00\" class=\"has-inline-color\">Diciembre 27<\/span><\/p>\n\n\n\n<p>\u201cAutocrecimiento, la luz lleg\u00f3 a sus mentes como una idea en el 2020, conf\u00eden\u201d<\/p>\n\n\n\n<p>\u201cProceso de cambio, comenz\u00f3 desde el centro de la tierra\u201d-<\/p>\n\n\n\n<p>\u201cEse tren que se llama amor impulsado por sus corazones con sus talentos, y vendr\u00e1n a sanar no solo a otros corazones sino que a la tierra misma, pues solo un planeta les fue dado\u201d<\/p>\n\n\n\n<p><span style=\"color:#dd7310\" class=\"has-inline-color\">Diciembre 28<\/span><\/p>\n\n\n\n<p>\u201cLos que est\u00e1n recibiendo mensajes que salgan de la oscuridad del temor y den la parte de los mensajes que tambi\u00e9n reciben pues este ser\u00e1 como un rompecabezas gigante con una figura de amor.\u201d<img decoding=\"async\" loading=\"lazy\" src=\"https:\/\/lh4.googleusercontent.com\/tY_eutxrmJFxK1ngKFbJQAa3cRHQZE7Sw3APAZ9AI1sSpJPIzctYDWIi1A7aK1AJ55TbZ1k69gz3tXgxFGqKCq0Rg6XI16p0KyrFYyFF_iwpO_O6Lrbsco2I827BND6J8k0MM24o\" width=\"189\" height=\"109\"><\/p>\n\n\n\n<p>Hoy Diciembre 28 mientras escribo estos mensajes que de seguro vendr\u00e1n m\u00e1s, pens\u00e9 si pondr\u00eda ciertas palabras o no y me dijo <strong>\u201cEscribe tal cual te han sido entregados, tus manos no te duelen pues tienes un trabajo importante que hacer, compartelos.\u201d<\/strong><\/p>\n\n\n\n<p><strong><em>Entonces<\/em><\/strong> dijo;<strong><em>\u201cLa red que has visto es la red de pescadores, comiencen a atraer a otros, a dar su amor que es su talento, convi\u00e9rtanse en pescadores de hombres pues lo que has visto son hombres dentro de esa red porque pescadores ser\u00e1n\u201d- <\/em><\/strong>y continu\u00f3 respondiendo a mi pregunta. <strong><em>\u201cSoy Jes\u00fas, tu maestro, ahora b\u00e1\u00f1ate y v\u00edstete de blanco antes de compartir los mensajes\u201d<\/em><\/strong><\/p>\n\n\n\n<p>Gracias maestro Jes\u00fas por esta hermosa jornada de mensajes. Ay\u00fadanos a aceptarlos, danos FE que la necesitamos.<\/p>\n\n\n\n<p><span style=\"color:#cb690d\" class=\"has-inline-color\">Diciembre 29<\/span><\/p>\n\n\n\n<p>\u201cNo es tiempo de disoluciones ni separaci\u00f3n, la clave estar\u00e1 en la union.\u201d<\/p>\n\n\n\n<p><strong><em>Elizabeth Byrne.<\/em><\/strong><\/p>\n\n\n\n<p>Indigo Nature<\/p>\n\n\n\n<p>Mensajes de los \u00faltimos d\u00edas<\/p>\n\n\n\n<p>Messages of the latest days<\/p>\n","protected":false},"excerpt":{"rendered":"<p>Nuevos comienzos. Hola, soy Elizabeth Byrne y&nbsp; les compartir\u00e9 los mensajes que he estado recibiendo a trav\u00e9s de varios d\u00edas.&nbsp; Diciembre 21 9:00 pm Vi un hermoso turbante de color azul rey con florecitas amarillas bordadas. Diciembre 21 11pm- \u201cEscala &hellip; <a href=\"http:\/\/www.indigonature.com\/hablemos\/es\/mensajes-de-amor-y-compasion-2021\/\">Sigue leyendo <span class=\"meta-nav\">&rarr;<\/span><\/a><\/p>\n","protected":false},"author":1,"featured_media":0,"parent":0,"menu_order":0,"comment_status":"closed","ping_status":"closed","template":"","meta":[],"_links":{"self":[{"href":"http:\/\/www.indigonature.com\/hablemos\/es\/wp-json\/wp\/v2\/pages\/62"}],"collection":[{"href":"http:\/\/www.indigonature.com\/hablemos\/es\/wp-json\/wp\/v2\/pages"}],"about":[{"href":"http:\/\/www.indigonature.com\/hablemos\/es\/wp-json\/wp\/v2\/types\/page"}],"author":[{"embeddable":true,"href":"http:\/\/www.indigonature.com\/hablemos\/es\/wp-json\/wp\/v2\/users\/1"}],"replies":[{"embeddable":true,"href":"http:\/\/www.indigonature.com\/hablemos\/es\/wp-json\/wp\/v2\/comments?post=62"}],"version-history":[{"count":2,"href":"http:\/\/www.indigonature.com\/hablemos\/es\/wp-json\/wp\/v2\/pages\/62\/revisions"}],"predecessor-version":[{"id":68,"href":"http:\/\/www.indigonature.com\/hablemos\/es\/wp-json\/wp\/v2\/pages\/62\/revisions\/68"}],"wp:attachment":[{"href":"http:\/\/www.indigonature.com\/hablemos\/es\/wp-json\/wp\/v2\/media?parent=62"}],"curies":[{"name":"wp","href":"https:\/\/api.w.org\/{rel}","templated":true}]}}